{"id":845,"date":"2022-04-19T07:33:51","date_gmt":"2022-04-19T07:33:51","guid":{"rendered":"https:\/\/client2.septembermedia.ro\/?page_id=845"},"modified":"2024-08-13T18:10:41","modified_gmt":"2024-08-13T18:10:41","slug":"rezumate","status":"publish","type":"page","link":"https:\/\/cnncongres2024.neuroexcelenta.ro\/en\/rezumate\/","title":{"rendered":"Abstracts"},"content":{"rendered":"<div data-elementor-type=\"wp-page\" data-elementor-id=\"845\" class=\"elementor elementor-845\" data-elementor-post-type=\"page\">\n\t\t\t\t<div class=\"elementor-element elementor-element-95f7a47 e-flex e-con-boxed e-con e-parent\" data-id=\"95f7a47\" data-element_type=\"container\" data-e-type=\"container\" data-settings=\"{&quot;background_background&quot;:&quot;classic&quot;}\">\n\t\t\t\t\t<div class=\"e-con-inner\">\n\t\t<div class=\"elementor-element elementor-element-0da1c24 e-con-full e-flex e-con e-child\" data-id=\"0da1c24\" data-element_type=\"container\" data-e-type=\"container\">\n\t\t\t\t<div class=\"elementor-element elementor-element-d16254a elementor-widget elementor-widget-heading\" data-id=\"d16254a\" data-element_type=\"widget\" data-e-type=\"widget\" data-widget_type=\"heading.default\">\n\t\t\t\t<div class=\"elementor-widget-container\">\n\t\t\t\t\t<h2 class=\"elementor-heading-title elementor-size-default\">Abstracts<\/h2>\t\t\t\t<\/div>\n\t\t\t\t<\/div>\n\t\t<div class=\"elementor-element elementor-element-6af229c e-con-full e-flex e-con e-child\" data-id=\"6af229c\" data-element_type=\"container\" data-e-type=\"container\">\n\t\t<div class=\"elementor-element elementor-element-e8b2e44 e-con-full e-flex e-con e-child\" data-id=\"e8b2e44\" data-element_type=\"container\" data-e-type=\"container\">\n\t\t\t\t<div class=\"elementor-element elementor-element-20429d7 elementor-view-default elementor-widget elementor-widget-icon\" data-id=\"20429d7\" data-element_type=\"widget\" data-e-type=\"widget\" data-widget_type=\"icon.default\">\n\t\t\t\t<div class=\"elementor-widget-container\">\n\t\t\t\t\t\t\t<div class=\"elementor-icon-wrapper\">\n\t\t\t<div class=\"elementor-icon\">\n\t\t\t<svg aria-hidden=\"true\" class=\"e-font-icon-svg e-far-arrow-alt-circle-down\" viewbox=\"0 0 512 512\" xmlns=\"http:\/\/www.w3.org\/2000\/svg\"><path d=\"M256 8C119 8 8 119 8 256s111 248 248 248 248-111 248-248S393 8 256 8zm0 448c-110.5 0-200-89.5-200-200S145.5 56 256 56s200 89.5 200 200-89.5 200-200 200zm-32-316v116h-67c-10.7 0-16 12.9-8.5 20.5l99 99c4.7 4.7 12.3 4.7 17 0l99-99c7.6-7.6 2.2-20.5-8.5-20.5h-67V140c0-6.6-5.4-12-12-12h-40c-6.6 0-12 5.4-12 12z\"><\/path><\/svg>\t\t\t<\/div>\n\t\t<\/div>\n\t\t\t\t\t\t<\/div>\n\t\t\t\t<\/div>\n\t\t\t\t<\/div>\n\t\t\t\t<\/div>\n\t\t\t\t<\/div>\n\t\t\t\t\t<\/div>\n\t\t\t\t<\/div>\n\t\t<div class=\"elementor-element elementor-element-563c03a e-flex e-con-boxed e-con e-parent\" data-id=\"563c03a\" data-element_type=\"container\" data-e-type=\"container\">\n\t\t\t\t\t<div class=\"e-con-inner\">\n\t\t<div class=\"elementor-element elementor-element-4a2ba9e e-con-full e-flex e-con e-child\" data-id=\"4a2ba9e\" data-element_type=\"container\" data-e-type=\"container\">\n\t\t\t\t<div class=\"elementor-element elementor-element-46302b3 elementor-widget elementor-widget-heading\" data-id=\"46302b3\" data-element_type=\"widget\" data-e-type=\"widget\" data-widget_type=\"heading.default\">\n\t\t\t\t<div class=\"elementor-widget-container\">\n\t\t\t\t\t<h2 class=\"elementor-heading-title elementor-size-default\">INSTRUCTIONS FOR WRITING ABSTRACTS<\/h2>\t\t\t\t<\/div>\n\t\t\t\t<\/div>\n\t\t\t\t<div class=\"elementor-element elementor-element-2cc1773 elementor-widget elementor-widget-text-editor\" data-id=\"2cc1773\" data-element_type=\"widget\" data-e-type=\"widget\" data-widget_type=\"text-editor.default\">\n\t\t\t\t<div class=\"elementor-widget-container\">\n\t\t\t\t\t\t\t\t\t<p>The abstracts (in Romanian or in English) written according to the instructions below, will be\nsent by e-mail to <a href=\"mailto:office@dimas.com.ro\">office@dimas.com.ro<\/a> until September 20, 2024.<span class=\"Apple-converted-space\">\u00a0<\/span><\/p><p>All abstracts will be verified by the CNN CONGRESS Scientific Committee before being\npublished.<\/p><p>The abstracts will be published in the Abstracts Volume of CNN CONGRESS 2024 (volume\nwith ISSN).<\/p>\t\t\t\t\t\t\t\t<\/div>\n\t\t\t\t<\/div>\n\t\t\t\t<\/div>\n\t\t<div class=\"elementor-element elementor-element-a92d965 e-con-full e-flex e-con e-child\" data-id=\"a92d965\" data-element_type=\"container\" data-e-type=\"container\">\n\t\t\t\t<\/div>\n\t\t\t\t\t<\/div>\n\t\t\t\t<\/div>\n\t\t<div class=\"elementor-element elementor-element-98c3d3f e-flex e-con-boxed e-con e-parent\" data-id=\"98c3d3f\" data-element_type=\"container\" data-e-type=\"container\">\n\t\t\t\t\t<div class=\"e-con-inner\">\n\t\t<div class=\"elementor-element elementor-element-676e1e3 e-con-full e-flex e-con e-child\" data-id=\"676e1e3\" data-element_type=\"container\" data-e-type=\"container\">\n\t\t\t\t<div class=\"elementor-element elementor-element-d1dead2 elementor-widget elementor-widget-heading\" data-id=\"d1dead2\" data-element_type=\"widget\" data-e-type=\"widget\" data-widget_type=\"heading.default\">\n\t\t\t\t<div class=\"elementor-widget-container\">\n\t\t\t\t\t<h2 class=\"elementor-heading-title elementor-size-default\">GENERAL GUIDELINES<\/h2>\t\t\t\t<\/div>\n\t\t\t\t<\/div>\n\t\t\t\t<div class=\"elementor-element elementor-element-0398fbd elementor-widget elementor-widget-text-editor\" data-id=\"0398fbd\" data-element_type=\"widget\" data-e-type=\"widget\" data-widget_type=\"text-editor.default\">\n\t\t\t\t<div class=\"elementor-widget-container\">\n\t\t\t\t\t\t\t\t\t<ul><li>Abstracts must be submitted in Romanian or in English.<\/li><li>We recommend you to use word processing software (for example, Word) to edit the\nabstract.<\/li><li>The abstract must not contain graphics, tables, pictures or other types of figures.<\/li><li>The Invited Speaker will send the material only if he or a co-author agrees to register and\nparticipate in CNN CONGRESS 2024 to present the scientific paper.<\/li><li>There is no limit to the number of abstracts you may submit.<\/li><li>Registration is mandatory in the submission process. All presenters must be registered\nfor the event by September 24, 2024, otherwise the abstract will not be included in the\nvolume of abstracts of CNN CONGRESS 2024 (volume with ISSN).<\/li><li>Abstracts can be edited until the deadline for submission (September 20, 2024). After\nthat date, no changes regarding the content or the authors will be allowed. Edits may\ninclude changing the title, adding or deleting authors or changing the abstract body. Once\nthe review process begins, no changes are allowed; no exceptions.<span class=\"Apple-converted-space\">\u00a0<\/span><\/li><li>Please note that any typographical or spelling errors, improperly formatted titles, etc.\nwill NOT be edited by the organizing committee. It is the responsibility of the submitter\nto review and verify all work submitted.<\/li><li>\u00a0<\/li><\/ul>\t\t\t\t\t\t\t\t<\/div>\n\t\t\t\t<\/div>\n\t\t\t\t<\/div>\n\t\t<div class=\"elementor-element elementor-element-3fb34c7 e-con-full e-flex e-con e-child\" data-id=\"3fb34c7\" data-element_type=\"container\" data-e-type=\"container\">\n\t\t\t\t<\/div>\n\t\t\t\t\t<\/div>\n\t\t\t\t<\/div>\n\t\t<div class=\"elementor-element elementor-element-52b771d e-flex e-con-boxed e-con e-parent\" data-id=\"52b771d\" data-element_type=\"container\" data-e-type=\"container\">\n\t\t\t\t\t<div class=\"e-con-inner\">\n\t\t<div class=\"elementor-element elementor-element-45fba98 e-con-full e-flex e-con e-child\" data-id=\"45fba98\" data-element_type=\"container\" data-e-type=\"container\">\n\t\t\t\t<div class=\"elementor-element elementor-element-7e42d20 elementor-widget elementor-widget-heading\" data-id=\"7e42d20\" data-element_type=\"widget\" data-e-type=\"widget\" data-widget_type=\"heading.default\">\n\t\t\t\t<div class=\"elementor-widget-container\">\n\t\t\t\t\t<h2 class=\"elementor-heading-title elementor-size-default\">INFORMATION REQUIRED TO COMPLETE A SUBMISSION<\/h2>\t\t\t\t<\/div>\n\t\t\t\t<\/div>\n\t\t\t\t<div class=\"elementor-element elementor-element-6d935de elementor-widget elementor-widget-text-editor\" data-id=\"6d935de\" data-element_type=\"widget\" data-e-type=\"widget\" data-widget_type=\"text-editor.default\">\n\t\t\t\t<div class=\"elementor-widget-container\">\n\t\t\t\t\t\t\t\t\t<ul><li><ul><li>Main Author \u2014 Individual who is submitting the abstract. All correspondence will be done\nwith the main author.<\/li><li>Title (no more than 30 words)<span class=\"Apple-converted-space\">\u00a0<\/span><\/li><\/ul><ul><li>The title should be as short as possible, eloquently for the content of the presentation.<\/li><li>The identification of the author must include the following information in the exact\norder: First name, Last name, Institution, Department, City, Country.<span class=\"Apple-converted-space\">\u00a0 <\/span>masculini vor fi prescurtate, iar cele<span class=\"Apple-converted-space\">\u00a0 <\/span>feminine se vor scrie f\u0103r\u0103 abreviere).<span class=\"Apple-converted-space\">\u00a0<\/span><\/li><li>The affiliation will include the institution (University, Faculty, Hospital, Department, Clinic) and accordingly the contact information (email address).<\/li><\/ul><ul><li>The Content of the abstract (maximum 350 words) covers:<span class=\"Apple-converted-space\">\u00a0 <\/span>de cuvinte) are \u00een vedere:<\/li><\/ul><ul><li>The Content of the abstract (maximum 350 words) covers:<\/li><li>The key elements of each stage of the study<span class=\"Apple-converted-space\">\u00a0<\/span><\/li><li>The most important conclusions and their scientific significance.<\/li><\/ul><ul><li>Keywords (up to five)<\/li><li>List Authors - Up to 5 list authors can be included. Their full names with credentials, city and\nstate or country must be included.<\/li><\/ul><\/li><\/ul>\t\t\t\t\t\t\t\t<\/div>\n\t\t\t\t<\/div>\n\t\t\t\t<div class=\"elementor-element elementor-element-65371d5 elementor-widget elementor-widget-text-editor\" data-id=\"65371d5\" data-element_type=\"widget\" data-e-type=\"widget\" data-widget_type=\"text-editor.default\">\n\t\t\t\t<div class=\"elementor-widget-container\">\n\t\t\t\t\t\t\t\t\t<p>The subject of the study must be in line with the announced topic. If the author \/ authors wish\nto propose a topic with a different theme, he \/ she will communicate to the organizers the\nsummary with the mention: VARIA.<\/p>\t\t\t\t\t\t\t\t<\/div>\n\t\t\t\t<\/div>\n\t\t\t\t<div class=\"elementor-element elementor-element-8e81165 elementor-widget elementor-widget-text-editor\" data-id=\"8e81165\" data-element_type=\"widget\" data-e-type=\"widget\" data-widget_type=\"text-editor.default\">\n\t\t\t\t<div class=\"elementor-widget-container\">\n\t\t\t\t\t\t\t\t\t<p>The author who sends a summary of a paper must choose one of the topics proposed in the theme.<\/p>\t\t\t\t\t\t\t\t<\/div>\n\t\t\t\t<\/div>\n\t\t\t\t<\/div>\n\t\t<div class=\"elementor-element elementor-element-55cce0f e-con-full e-flex e-con e-child\" data-id=\"55cce0f\" data-element_type=\"container\" data-e-type=\"container\">\n\t\t\t\t<\/div>\n\t\t\t\t\t<\/div>\n\t\t\t\t<\/div>\n\t\t<div class=\"elementor-element elementor-element-42fbe37 e-flex e-con-boxed e-con e-parent\" data-id=\"42fbe37\" data-element_type=\"container\" data-e-type=\"container\">\n\t\t\t\t\t<div class=\"e-con-inner\">\n\t\t<div class=\"elementor-element elementor-element-a0a1d33 e-con-full e-flex e-con e-child\" data-id=\"a0a1d33\" data-element_type=\"container\" data-e-type=\"container\">\n\t\t\t\t<div class=\"elementor-element elementor-element-186f62a elementor-widget elementor-widget-heading\" data-id=\"186f62a\" data-element_type=\"widget\" data-e-type=\"widget\" data-widget_type=\"heading.default\">\n\t\t\t\t<div class=\"elementor-widget-container\">\n\t\t\t\t\t<h2 class=\"elementor-heading-title elementor-size-default\">DEADLINES AND IMPORTANT DATES<\/h2>\t\t\t\t<\/div>\n\t\t\t\t<\/div>\n\t\t\t\t<div class=\"elementor-element elementor-element-e057178 elementor-widget elementor-widget-text-editor\" data-id=\"e057178\" data-element_type=\"widget\" data-e-type=\"widget\" data-widget_type=\"text-editor.default\">\n\t\t\t\t<div class=\"elementor-widget-container\">\n\t\t\t\t\t\t\t\t\t<ul><li>Abstract Submission Open \u2013 July 20, 2024<\/li><li>Abstract Submission Deadline \u2013 September 20, 2024<\/li><li>Deadline for Presenting Author to Complete Registration \u2013 September 24, 2024.<span class=\"Apple-converted-space\">\u00a0<\/span><\/li><\/ul>\t\t\t\t\t\t\t\t<\/div>\n\t\t\t\t<\/div>\n\t\t\t\t<\/div>\n\t\t<div class=\"elementor-element elementor-element-f08532c e-con-full e-flex e-con e-child\" data-id=\"f08532c\" data-element_type=\"container\" data-e-type=\"container\">\n\t\t\t\t<\/div>\n\t\t\t\t\t<\/div>\n\t\t\t\t<\/div>\n\t\t<div class=\"elementor-element elementor-element-49cd35f e-flex e-con-boxed e-con e-parent\" data-id=\"49cd35f\" data-element_type=\"container\" data-e-type=\"container\">\n\t\t\t\t\t<div class=\"e-con-inner\">\n\t\t<div class=\"elementor-element elementor-element-c205474 e-con-full e-flex e-con e-child\" data-id=\"c205474\" data-element_type=\"container\" data-e-type=\"container\">\n\t\t\t\t<div class=\"elementor-element elementor-element-35d4d2c elementor-widget elementor-widget-heading\" data-id=\"35d4d2c\" data-element_type=\"widget\" data-e-type=\"widget\" data-widget_type=\"heading.default\">\n\t\t\t\t<div class=\"elementor-widget-container\">\n\t\t\t\t\t<h2 class=\"elementor-heading-title elementor-size-default\">FORMAT GUIDELINES FOR THE PRESENTATIONS<\/h2>\t\t\t\t<\/div>\n\t\t\t\t<\/div>\n\t\t\t\t<div class=\"elementor-element elementor-element-2bb33c7 elementor-widget elementor-widget-text-editor\" data-id=\"2bb33c7\" data-element_type=\"widget\" data-e-type=\"widget\" data-widget_type=\"text-editor.default\">\n\t\t\t\t<div class=\"elementor-widget-container\">\n\t\t\t\t\t\t\t\t\t<ul><li>PowerPoint is the presentation programme available in all session halls.<\/li><li>No other devices, personal computers etc. than the ones provided in the session halls are\nallowed for presentations.<\/li><li>The PowerPoint handling and distribution system is optimised for MS PowerPoint 2016\n(Office 2016) and Adobe Acrobat-files (\u201c*.pdf\u201d). The uploading of \u201cDVD-Movies\u201d is\nnot supported.<\/li><li>The supported data storage media are: CD, DVD (as Data-storage-medium) and USB-\nMemory (Stick). All needed files \u2013 also the movie files(!) \u2013 have to be on the datamedia.\nPresentations can also be taken off speakers\u2019 notebooks at the Speaker Ready Room.\nPlease make sure there is enough time for conversion.<\/li><li>Format for embedded movies: \u201c*.mp4\u201d and \u201c*.wmv\u201d are preferred, any other format may work or may be converted to an optimised format (may take some time!)<\/li><li>The fonts that are used in the presentations need to be Latin-based fonts. If you need\nspecial fonts, they should be stored as \u201eembedded fonts\u201c with the presentation. (File -&gt;\nsave as \u201ename of presentation\u201c and under \u201etools\u201c \u2192 save options mark the checkbox\n\u201eembed True type fonts\u201c and select \u201eembed all characters\u201c). When using mathematical\nsymbols, please use these which are available under Latin fonts (unicode or DOS:\nWestern Europe). Presentations should be saved as \u201c*.ppt\u201c, \u201c*.pptx\u201d (= PowerPoint) or \u201c*.pps\u201c, \u201c*.ppsx\u201c\n(=PowerPoint Slideshow) \u2013 file and movies might be separate files on the data media (if\nnot embedded). All computers and projectors will be set up and optimised for 16:9 ratio.\nPlease adhere to these specifications in order to have a well-prepared presentation.<\/li><\/ul>\t\t\t\t\t\t\t\t<\/div>\n\t\t\t\t<\/div>\n\t\t\t\t<\/div>\n\t\t\t\t\t<\/div>\n\t\t\t\t<\/div>\n\t\t\t\t<\/div>","protected":false},"excerpt":{"rendered":"<p>Rezumate INSTRUC\u021aIUNI PENTRU REDACTAREA REZUMATELOR Rezumatele (\u00een limba rom\u00e2n\u0103 \u0219i\/sau englez\u0103) redactate conform instruc\u021biunilor de mai jos, se vor trimite prin e-mail la adresa office@dimas.com.ro p\u00e2n\u0103 la data de 20 SEPTEMBRIE 2024.\u00a0 Toate rezumatele vor fi verificate de Comitetul \u0218tiin\u021bific al CNN 2024, \u00eenainte de a fi publicate. Rezumatele vor fi publicate \u00een Volumul de [&hellip;]<\/p>","protected":false},"author":1,"featured_media":0,"parent":0,"menu_order":0,"comment_status":"closed","ping_status":"closed","template":"","meta":{"footnotes":""},"class_list":["post-845","page","type-page","status-publish","hentry"],"_links":{"self":[{"href":"https:\/\/cnncongres2024.neuroexcelenta.ro\/en\/wp-json\/wp\/v2\/pages\/845","targetHints":{"allow":["GET"]}}],"collection":[{"href":"https:\/\/cnncongres2024.neuroexcelenta.ro\/en\/wp-json\/wp\/v2\/pages"}],"about":[{"href":"https:\/\/cnncongres2024.neuroexcelenta.ro\/en\/wp-json\/wp\/v2\/types\/page"}],"author":[{"embeddable":true,"href":"https:\/\/cnncongres2024.neuroexcelenta.ro\/en\/wp-json\/wp\/v2\/users\/1"}],"replies":[{"embeddable":true,"href":"https:\/\/cnncongres2024.neuroexcelenta.ro\/en\/wp-json\/wp\/v2\/comments?post=845"}],"version-history":[{"count":65,"href":"https:\/\/cnncongres2024.neuroexcelenta.ro\/en\/wp-json\/wp\/v2\/pages\/845\/revisions"}],"predecessor-version":[{"id":3528,"href":"https:\/\/cnncongres2024.neuroexcelenta.ro\/en\/wp-json\/wp\/v2\/pages\/845\/revisions\/3528"}],"wp:attachment":[{"href":"https:\/\/cnncongres2024.neuroexcelenta.ro\/en\/wp-json\/wp\/v2\/media?parent=845"}],"curies":[{"name":"wp","href":"https:\/\/api.w.org\/{rel}","templated":true}]}}