{"id":760,"date":"2022-04-18T09:28:38","date_gmt":"2022-04-18T09:28:38","guid":{"rendered":"https:\/\/client2.septembermedia.ro\/?page_id=760"},"modified":"2024-07-22T13:42:33","modified_gmt":"2024-07-22T13:42:33","slug":"cazare","status":"publish","type":"page","link":"https:\/\/cnncongres2024.neuroexcelenta.ro\/en\/cazare\/","title":{"rendered":"Accomodation"},"content":{"rendered":"<div data-elementor-type=\"wp-page\" data-elementor-id=\"760\" class=\"elementor elementor-760\" data-elementor-post-type=\"page\">\n\t\t\t\t<div class=\"elementor-element elementor-element-a952ae1 e-flex e-con-boxed e-con e-parent\" data-id=\"a952ae1\" data-element_type=\"container\" data-e-type=\"container\" data-settings=\"{&quot;background_background&quot;:&quot;classic&quot;}\">\n\t\t\t\t\t<div class=\"e-con-inner\">\n\t\t<div class=\"elementor-element elementor-element-0bd1d50 e-con-full e-flex e-con e-child\" data-id=\"0bd1d50\" data-element_type=\"container\" data-e-type=\"container\">\n\t\t\t\t<div class=\"elementor-element elementor-element-4420aea elementor-widget elementor-widget-heading\" data-id=\"4420aea\" data-element_type=\"widget\" data-e-type=\"widget\" data-widget_type=\"heading.default\">\n\t\t\t\t<div class=\"elementor-widget-container\">\n\t\t\t\t\t<h2 class=\"elementor-heading-title elementor-size-default\">Accomodation<\/h2>\t\t\t\t<\/div>\n\t\t\t\t<\/div>\n\t\t<div class=\"elementor-element elementor-element-b7bad01 e-con-full e-flex e-con e-child\" data-id=\"b7bad01\" data-element_type=\"container\" data-e-type=\"container\">\n\t\t<div class=\"elementor-element elementor-element-43fe23a e-con-full e-flex e-con e-child\" data-id=\"43fe23a\" data-element_type=\"container\" data-e-type=\"container\">\n\t\t\t\t<div class=\"elementor-element elementor-element-ac219d6 elementor-mobile-align-left elementor-widget elementor-widget-button\" data-id=\"ac219d6\" data-element_type=\"widget\" data-e-type=\"widget\" data-widget_type=\"button.default\">\n\t\t\t\t<div class=\"elementor-widget-container\">\n\t\t\t\t\t\t\t\t\t<div class=\"elementor-button-wrapper\">\n\t\t\t\t\t<a class=\"elementor-button elementor-button-link elementor-size-sm elementor-animation-grow\" href=\"https:\/\/www.booking.com\/searchresults.ro.html?aid=2229281&#038;sid=dba8fbca1f4559b67183ae576c8480dd&#038;sb=1&#038;sb_lp=1&#038;src=index&#038;src_elem=sb&#038;error_url=https%3A%2F%2Fwww.booking.com%2Findex.ro.html%3Faid%3D2229281%26sid%3Ddba8fbca1f4559b67183ae576c8480dd%26sb_price_type%3Dtotal%26%26&#038;ss=Ia\u015fi%2C+Ia\u015fi%2C+Rom\u00e2nia&#038;is_ski_area=&#038;ssne=Stuttgart&#038;ssne_untouched=Stuttgart&#038;checkin_year=2024&#038;checkin_month=10&#038;checkin_monthday=9&#038;checkout_year=2024&#038;checkout_month=10&#038;checkout_monthday=12&#038;flex_window=0&#038;efdco=1&#038;group_adults=2&#038;group_children=1&#038;age=10&#038;no_rooms=1&#038;b_h4u_keep_filters=&#038;from_sf=1&#038;search_pageview_id=d20674ce625a02aa&#038;ac_suggestion_list_length=5&#038;ac_suggestion_theme_list_length=0&#038;ac_position=0&#038;ac_langcode=ro&#038;ac_click_type=b&#038;ac_meta=GhBkMjA2NzRjZTYyNWEwMmFhIAAoATICcm86BElhc2lAAEoAUAA%3D&#038;dest_id=-1161664&#038;dest_type=city&#038;iata=IAS&#038;place_id_lat=47.166103&#038;place_id_lon=27.580675&#038;search_pageview_id=d20674ce625a02aa&#038;search_selected=true&#038;ss_raw=Iasi\" target=\"_blank\">\n\t\t\t\t\t\t<span class=\"elementor-button-content-wrapper\">\n\t\t\t\t\t\t\t\t\t<span class=\"elementor-button-text\">Book here<\/span>\n\t\t\t\t\t<\/span>\n\t\t\t\t\t<\/a>\n\t\t\t\t<\/div>\n\t\t\t\t\t\t\t\t<\/div>\n\t\t\t\t<\/div>\n\t\t\t\t<\/div>\n\t\t\t\t<\/div>\n\t\t\t\t<\/div>\n\t\t\t\t\t<\/div>\n\t\t\t\t<\/div>\n\t\t\t\t<\/div>","protected":false},"excerpt":{"rendered":"<p>Cazare Rezerv\u0103 aici<\/p>","protected":false},"author":1,"featured_media":0,"parent":0,"menu_order":0,"comment_status":"closed","ping_status":"closed","template":"","meta":{"footnotes":""},"class_list":["post-760","page","type-page","status-publish","hentry"],"_links":{"self":[{"href":"https:\/\/cnncongres2024.neuroexcelenta.ro\/en\/wp-json\/wp\/v2\/pages\/760","targetHints":{"allow":["GET"]}}],"collection":[{"href":"https:\/\/cnncongres2024.neuroexcelenta.ro\/en\/wp-json\/wp\/v2\/pages"}],"about":[{"href":"https:\/\/cnncongres2024.neuroexcelenta.ro\/en\/wp-json\/wp\/v2\/types\/page"}],"author":[{"embeddable":true,"href":"https:\/\/cnncongres2024.neuroexcelenta.ro\/en\/wp-json\/wp\/v2\/users\/1"}],"replies":[{"embeddable":true,"href":"https:\/\/cnncongres2024.neuroexcelenta.ro\/en\/wp-json\/wp\/v2\/comments?post=760"}],"version-history":[{"count":14,"href":"https:\/\/cnncongres2024.neuroexcelenta.ro\/en\/wp-json\/wp\/v2\/pages\/760\/revisions"}],"predecessor-version":[{"id":3240,"href":"https:\/\/cnncongres2024.neuroexcelenta.ro\/en\/wp-json\/wp\/v2\/pages\/760\/revisions\/3240"}],"wp:attachment":[{"href":"https:\/\/cnncongres2024.neuroexcelenta.ro\/en\/wp-json\/wp\/v2\/media?parent=760"}],"curies":[{"name":"wp","href":"https:\/\/api.w.org\/{rel}","templated":true}]}}