{"id":532,"date":"2022-04-14T09:42:56","date_gmt":"2022-04-14T09:42:56","guid":{"rendered":"https:\/\/client2.septembermedia.ro\/?page_id=532"},"modified":"2024-08-09T14:21:06","modified_gmt":"2024-08-09T14:21:06","slug":"taxe-inregistrare","status":"publish","type":"page","link":"https:\/\/cnncongres2024.neuroexcelenta.ro\/en\/taxe-inregistrare\/","title":{"rendered":"Registration Fees"},"content":{"rendered":"<div data-elementor-type=\"wp-page\" data-elementor-id=\"532\" class=\"elementor elementor-532\" data-elementor-post-type=\"page\">\n\t\t\t\t<div class=\"elementor-element elementor-element-e16ca91 e-flex e-con-boxed e-con e-parent\" data-id=\"e16ca91\" data-element_type=\"container\" data-e-type=\"container\" data-settings=\"{&quot;background_background&quot;:&quot;classic&quot;}\">\n\t\t\t\t\t<div class=\"e-con-inner\">\n\t\t<div class=\"elementor-element elementor-element-9f47695 e-con-full e-flex e-con e-child\" data-id=\"9f47695\" data-element_type=\"container\" data-e-type=\"container\">\n\t\t\t\t<div class=\"elementor-element elementor-element-bb5c300 elementor-widget elementor-widget-heading\" data-id=\"bb5c300\" data-element_type=\"widget\" data-e-type=\"widget\" data-widget_type=\"heading.default\">\n\t\t\t\t<div class=\"elementor-widget-container\">\n\t\t\t\t\t<h2 class=\"elementor-heading-title elementor-size-default\">Registration Fees<\/h2>\t\t\t\t<\/div>\n\t\t\t\t<\/div>\n\t\t<div class=\"elementor-element elementor-element-f7546e5 e-con-full e-flex e-con e-child\" data-id=\"f7546e5\" data-element_type=\"container\" data-e-type=\"container\">\n\t\t<div class=\"elementor-element elementor-element-45167d8 e-con-full e-flex e-con e-child\" data-id=\"45167d8\" data-element_type=\"container\" data-e-type=\"container\">\n\t\t\t\t<div class=\"elementor-element elementor-element-34160e4 elementor-view-default elementor-widget elementor-widget-icon\" data-id=\"34160e4\" data-element_type=\"widget\" data-e-type=\"widget\" data-widget_type=\"icon.default\">\n\t\t\t\t<div class=\"elementor-widget-container\">\n\t\t\t\t\t\t\t<div class=\"elementor-icon-wrapper\">\n\t\t\t<div class=\"elementor-icon\">\n\t\t\t<svg aria-hidden=\"true\" class=\"e-font-icon-svg e-far-arrow-alt-circle-down\" viewbox=\"0 0 512 512\" xmlns=\"http:\/\/www.w3.org\/2000\/svg\"><path d=\"M256 8C119 8 8 119 8 256s111 248 248 248 248-111 248-248S393 8 256 8zm0 448c-110.5 0-200-89.5-200-200S145.5 56 256 56s200 89.5 200 200-89.5 200-200 200zm-32-316v116h-67c-10.7 0-16 12.9-8.5 20.5l99 99c4.7 4.7 12.3 4.7 17 0l99-99c7.6-7.6 2.2-20.5-8.5-20.5h-67V140c0-6.6-5.4-12-12-12h-40c-6.6 0-12 5.4-12 12z\"><\/path><\/svg>\t\t\t<\/div>\n\t\t<\/div>\n\t\t\t\t\t\t<\/div>\n\t\t\t\t<\/div>\n\t\t\t\t<\/div>\n\t\t\t\t<\/div>\n\t\t\t\t<\/div>\n\t\t\t\t\t<\/div>\n\t\t\t\t<\/div>\n\t\t<div class=\"elementor-element elementor-element-45a993d e-flex e-con-boxed e-con e-parent\" data-id=\"45a993d\" data-element_type=\"container\" data-e-type=\"container\" data-settings=\"{&quot;background_background&quot;:&quot;classic&quot;}\">\n\t\t\t\t\t<div class=\"e-con-inner\">\n\t\t<div class=\"elementor-element elementor-element-94027ef e-con-full e-flex e-con e-child\" data-id=\"94027ef\" data-element_type=\"container\" data-e-type=\"container\">\n\t\t\t\t<div class=\"elementor-element elementor-element-2db0129 elementor-widget elementor-widget-text-editor\" data-id=\"2db0129\" data-element_type=\"widget\" data-e-type=\"widget\" data-widget_type=\"text-editor.default\">\n\t\t\t\t<div class=\"elementor-widget-container\">\n\t\t\t\t\t\t\t\t\t<strong>Early Bird registration deadline:<\/strong>: 15.08.2024.\t\t\t\t\t\t\t\t<\/div>\n\t\t\t\t<\/div>\n\t\t\t\t<\/div>\n\t\t\t\t\t<\/div>\n\t\t\t\t<\/div>\n\t\t<div class=\"elementor-element elementor-element-61cce73 e-flex e-con-boxed e-con e-parent\" data-id=\"61cce73\" data-element_type=\"container\" data-e-type=\"container\">\n\t\t\t\t\t<div class=\"e-con-inner\">\n\t\t<div class=\"elementor-element elementor-element-c6938b2 e-con-full e-flex e-con e-child\" data-id=\"c6938b2\" data-element_type=\"container\" data-e-type=\"container\">\n\t\t<div class=\"elementor-element elementor-element-563c118 e-flex e-con-boxed e-con e-child\" data-id=\"563c118\" data-element_type=\"container\" data-e-type=\"container\">\n\t\t\t\t\t<div class=\"e-con-inner\">\n\t\t\t\t<div class=\"elementor-element elementor-element-9c493a8 elementor-widget elementor-widget-text-editor\" data-id=\"9c493a8\" data-element_type=\"widget\" data-e-type=\"widget\" data-widget_type=\"text-editor.default\">\n\t\t\t\t<div class=\"elementor-widget-container\">\n\t\t\t\t\t\t\t\t\t<strong>Bilet Early Bird\u00a0<\/strong> \t\t\t\t\t\t\t\t<\/div>\n\t\t\t\t<\/div>\n\t\t\t\t<div class=\"elementor-element elementor-element-c84d0c7 elementor-widget elementor-widget-text-editor\" data-id=\"c84d0c7\" data-element_type=\"widget\" data-e-type=\"widget\" data-widget_type=\"text-editor.default\">\n\t\t\t\t<div class=\"elementor-widget-container\">\n\t\t\t\t\t\t\t\t\t(until August 15, 2024)\t\t\t\t\t\t\t\t<\/div>\n\t\t\t\t<\/div>\n\t\t\t\t\t<\/div>\n\t\t\t\t<\/div>\n\t\t<div class=\"elementor-element elementor-element-0ca4ef4 e-flex e-con-boxed e-con e-child\" data-id=\"0ca4ef4\" data-element_type=\"container\" data-e-type=\"container\">\n\t\t\t\t\t<div class=\"e-con-inner\">\n\t\t\t\t<div class=\"elementor-element elementor-element-11b4327 elementor-widget elementor-widget-text-editor\" data-id=\"11b4327\" data-element_type=\"widget\" data-e-type=\"widget\" data-widget_type=\"text-editor.default\">\n\t\t\t\t<div class=\"elementor-widget-container\">\n\t\t\t\t\t\t\t\t\tPhysicians:<br>\n800 lei\t\t\t\t\t\t\t\t<\/div>\n\t\t\t\t<\/div>\n\t\t\t\t<div class=\"elementor-element elementor-element-6bed386 elementor-widget elementor-widget-text-editor\" data-id=\"6bed386\" data-element_type=\"widget\" data-e-type=\"widget\" data-widget_type=\"text-editor.default\">\n\t\t\t\t<div class=\"elementor-widget-container\">\n\t\t\t\t\t\t\t\t\tResidents:<br>\n400 lei \t\t\t\t\t\t\t\t<\/div>\n\t\t\t\t<\/div>\n\t\t\t\t<div class=\"elementor-element elementor-element-b335ddb elementor-widget elementor-widget-text-editor\" data-id=\"b335ddb\" data-element_type=\"widget\" data-e-type=\"widget\" data-widget_type=\"text-editor.default\">\n\t\t\t\t<div class=\"elementor-widget-container\">\n\t\t\t\t\t\t\t\t\tStudent:<br>\n300 lei\t\t\t\t\t\t\t\t<\/div>\n\t\t\t\t<\/div>\n\t\t\t\t<div class=\"elementor-element elementor-element-185077e elementor-widget elementor-widget-text-editor\" data-id=\"185077e\" data-element_type=\"widget\" data-e-type=\"widget\" data-widget_type=\"text-editor.default\">\n\t\t\t\t<div class=\"elementor-widget-container\">\n\t\t\t\t\t\t\t\t\tCompany representative:<br>\n1000 lei\t\t\t\t\t\t\t\t<\/div>\n\t\t\t\t<\/div>\n\t\t\t\t<div class=\"elementor-element elementor-element-7a44cef elementor-widget elementor-widget-text-editor\" data-id=\"7a44cef\" data-element_type=\"widget\" data-e-type=\"widget\" data-widget_type=\"text-editor.default\">\n\t\t\t\t<div class=\"elementor-widget-container\">\n\t\t\t\t\t\t\t\t\tOther categories:<br>\n500 lei\t\t\t\t\t\t\t\t<\/div>\n\t\t\t\t<\/div>\n\t\t\t\t\t<\/div>\n\t\t\t\t<\/div>\n\t\t\t\t<\/div>\n\t\t<div class=\"elementor-element elementor-element-6fcf12b e-con-full e-flex e-con e-child\" data-id=\"6fcf12b\" data-element_type=\"container\" data-e-type=\"container\">\n\t\t<div class=\"elementor-element elementor-element-38de913 e-flex e-con-boxed e-con e-child\" data-id=\"38de913\" data-element_type=\"container\" data-e-type=\"container\">\n\t\t\t\t\t<div class=\"e-con-inner\">\n\t\t\t\t<div class=\"elementor-element elementor-element-9b1b7e6 elementor-widget elementor-widget-text-editor\" data-id=\"9b1b7e6\" data-element_type=\"widget\" data-e-type=\"widget\" data-widget_type=\"text-editor.default\">\n\t\t\t\t<div class=\"elementor-widget-container\">\n\t\t\t\t\t\t\t\t\t<strong>Regular<\/strong>\t\t\t\t\t\t\t\t<\/div>\n\t\t\t\t<\/div>\n\t\t\t\t<div class=\"elementor-element elementor-element-f1d734b elementor-widget elementor-widget-text-editor\" data-id=\"f1d734b\" data-element_type=\"widget\" data-e-type=\"widget\" data-widget_type=\"text-editor.default\">\n\t\t\t\t<div class=\"elementor-widget-container\">\n\t\t\t\t\t\t\t\t\t(until September 15, 2024)\t\t\t\t\t\t\t\t<\/div>\n\t\t\t\t<\/div>\n\t\t\t\t\t<\/div>\n\t\t\t\t<\/div>\n\t\t<div class=\"elementor-element elementor-element-2a7f58a e-flex e-con-boxed e-con e-child\" data-id=\"2a7f58a\" data-element_type=\"container\" data-e-type=\"container\">\n\t\t\t\t\t<div class=\"e-con-inner\">\n\t\t\t\t<div class=\"elementor-element elementor-element-da6b8f5 elementor-widget elementor-widget-text-editor\" data-id=\"da6b8f5\" data-element_type=\"widget\" data-e-type=\"widget\" data-widget_type=\"text-editor.default\">\n\t\t\t\t<div class=\"elementor-widget-container\">\n\t\t\t\t\t\t\t\t\tMedic (Primar, Specialist):\n1000 lei\t\t\t\t\t\t\t\t<\/div>\n\t\t\t\t<\/div>\n\t\t\t\t<div class=\"elementor-element elementor-element-7fe7663 elementor-widget elementor-widget-text-editor\" data-id=\"7fe7663\" data-element_type=\"widget\" data-e-type=\"widget\" data-widget_type=\"text-editor.default\">\n\t\t\t\t<div class=\"elementor-widget-container\">\n\t\t\t\t\t\t\t\t\tResidents:<br>\n500 lei\t\t\t\t\t\t\t\t<\/div>\n\t\t\t\t<\/div>\n\t\t\t\t<div class=\"elementor-element elementor-element-71437fe elementor-widget elementor-widget-text-editor\" data-id=\"71437fe\" data-element_type=\"widget\" data-e-type=\"widget\" data-widget_type=\"text-editor.default\">\n\t\t\t\t<div class=\"elementor-widget-container\">\n\t\t\t\t\t\t\t\t\tStudent:<br>\n400 lei\t\t\t\t\t\t\t\t<\/div>\n\t\t\t\t<\/div>\n\t\t\t\t<div class=\"elementor-element elementor-element-fb3e103 elementor-widget elementor-widget-text-editor\" data-id=\"fb3e103\" data-element_type=\"widget\" data-e-type=\"widget\" data-widget_type=\"text-editor.default\">\n\t\t\t\t<div class=\"elementor-widget-container\">\n\t\t\t\t\t\t\t\t\tCompany representative:<br>\n1200 lei\t\t\t\t\t\t\t\t<\/div>\n\t\t\t\t<\/div>\n\t\t\t\t<div class=\"elementor-element elementor-element-59d8661 elementor-widget elementor-widget-text-editor\" data-id=\"59d8661\" data-element_type=\"widget\" data-e-type=\"widget\" data-widget_type=\"text-editor.default\">\n\t\t\t\t<div class=\"elementor-widget-container\">\n\t\t\t\t\t\t\t\t\tOther categories:<br>\n600 lei\t\t\t\t\t\t\t\t<\/div>\n\t\t\t\t<\/div>\n\t\t\t\t\t<\/div>\n\t\t\t\t<\/div>\n\t\t\t\t<\/div>\n\t\t<div class=\"elementor-element elementor-element-0fb98de e-con-full e-flex e-con e-child\" data-id=\"0fb98de\" data-element_type=\"container\" data-e-type=\"container\">\n\t\t<div class=\"elementor-element elementor-element-4ddab57 e-flex e-con-boxed e-con e-child\" data-id=\"4ddab57\" data-element_type=\"container\" data-e-type=\"container\">\n\t\t\t\t\t<div class=\"e-con-inner\">\n\t\t\t\t<div class=\"elementor-element elementor-element-4ca4f1b elementor-widget elementor-widget-text-editor\" data-id=\"4ca4f1b\" data-element_type=\"widget\" data-e-type=\"widget\" data-widget_type=\"text-editor.default\">\n\t\t\t\t<div class=\"elementor-widget-container\">\n\t\t\t\t\t\t\t\t\t<strong>Late<\/strong>\t\t\t\t\t\t\t\t<\/div>\n\t\t\t\t<\/div>\n\t\t\t\t<div class=\"elementor-element elementor-element-a3f9060 elementor-widget elementor-widget-text-editor\" data-id=\"a3f9060\" data-element_type=\"widget\" data-e-type=\"widget\" data-widget_type=\"text-editor.default\">\n\t\t\t\t<div class=\"elementor-widget-container\">\n\t\t\t\t\t\t\t\t\t(after September 15, 2024)\t\t\t\t\t\t\t\t<\/div>\n\t\t\t\t<\/div>\n\t\t\t\t\t<\/div>\n\t\t\t\t<\/div>\n\t\t<div class=\"elementor-element elementor-element-39da33e e-flex e-con-boxed e-con e-child\" data-id=\"39da33e\" data-element_type=\"container\" data-e-type=\"container\">\n\t\t\t\t\t<div class=\"e-con-inner\">\n\t\t\t\t<div class=\"elementor-element elementor-element-909d670 elementor-widget elementor-widget-text-editor\" data-id=\"909d670\" data-element_type=\"widget\" data-e-type=\"widget\" data-widget_type=\"text-editor.default\">\n\t\t\t\t<div class=\"elementor-widget-container\">\n\t\t\t\t\t\t\t\t\tPhysicians:<br>\n1400 lei\t\t\t\t\t\t\t\t<\/div>\n\t\t\t\t<\/div>\n\t\t\t\t<div class=\"elementor-element elementor-element-40a638f elementor-widget elementor-widget-text-editor\" data-id=\"40a638f\" data-element_type=\"widget\" data-e-type=\"widget\" data-widget_type=\"text-editor.default\">\n\t\t\t\t<div class=\"elementor-widget-container\">\n\t\t\t\t\t\t\t\t\tResidents:<br>\n700 lei\t\t\t\t\t\t\t\t<\/div>\n\t\t\t\t<\/div>\n\t\t\t\t<div class=\"elementor-element elementor-element-4485cca elementor-widget elementor-widget-text-editor\" data-id=\"4485cca\" data-element_type=\"widget\" data-e-type=\"widget\" data-widget_type=\"text-editor.default\">\n\t\t\t\t<div class=\"elementor-widget-container\">\n\t\t\t\t\t\t\t\t\tStudent:<br>\n500 lei\t\t\t\t\t\t\t\t<\/div>\n\t\t\t\t<\/div>\n\t\t\t\t<div class=\"elementor-element elementor-element-78c0da3 elementor-widget elementor-widget-text-editor\" data-id=\"78c0da3\" data-element_type=\"widget\" data-e-type=\"widget\" data-widget_type=\"text-editor.default\">\n\t\t\t\t<div class=\"elementor-widget-container\">\n\t\t\t\t\t\t\t\t\tCompany representative:<br>\n1600 lei\t\t\t\t\t\t\t\t<\/div>\n\t\t\t\t<\/div>\n\t\t\t\t<div class=\"elementor-element elementor-element-2fa076e elementor-widget elementor-widget-text-editor\" data-id=\"2fa076e\" data-element_type=\"widget\" data-e-type=\"widget\" data-widget_type=\"text-editor.default\">\n\t\t\t\t<div class=\"elementor-widget-container\">\n\t\t\t\t\t\t\t\t\tOther categories:<br>\n800 lei\t\t\t\t\t\t\t\t<\/div>\n\t\t\t\t<\/div>\n\t\t\t\t\t<\/div>\n\t\t\t\t<\/div>\n\t\t\t\t<\/div>\n\t\t\t\t\t<\/div>\n\t\t\t\t<\/div>\n\t\t\t\t<section class=\"elementor-section elementor-top-section elementor-element elementor-element-86ab483 elementor-section-boxed elementor-section-height-default elementor-section-height-default\" data-id=\"86ab483\" data-element_type=\"section\" data-e-type=\"section\" data-settings=\"{&quot;background_background&quot;:&quot;classic&quot;}\">\n\t\t\t\t\t\t<div class=\"elementor-container elementor-column-gap-default\">\n\t\t\t\t\t<div class=\"elementor-column elementor-col-50 elementor-top-column elementor-element elementor-element-b11a2f9\" data-id=\"b11a2f9\" data-element_type=\"column\" data-e-type=\"column\">\n\t\t\t<div class=\"elementor-widget-wrap elementor-element-populated\">\n\t\t\t\t\t\t<div class=\"elementor-element elementor-element-b45cf0b elementor-widget elementor-widget-text-editor\" data-id=\"b45cf0b\" data-element_type=\"widget\" data-e-type=\"widget\" data-widget_type=\"text-editor.default\">\n\t\t\t\t<div class=\"elementor-widget-container\">\n\t\t\t\t\t\t\t\t\t<strong>REGISTRATION FEE INCLUDES:<\/strong>:\t\t\t\t\t\t\t\t<\/div>\n\t\t\t\t<\/div>\n\t\t\t\t<div class=\"elementor-element elementor-element-18751b2 elementor-widget elementor-widget-text-editor\" data-id=\"18751b2\" data-element_type=\"widget\" data-e-type=\"widget\" data-widget_type=\"text-editor.default\">\n\t\t\t\t<div class=\"elementor-widget-container\">\n\t\t\t\t\t\t\t\t\t<ul><li>Admission to all scientific sessions of the event (onsite\/online)<\/li><li>Accesul FIZIC\u00a0la cursuri<\/li><li>Access to the exhibition area<\/li><li>Congress Bag with event materials (only for onsite present participants)<\/li><li>E-book: the volume of the abstracts in online format, downloadable product from the\nevent website<\/li><li>The final program of the congress in printed and online format, downloadable from\nthe event website<\/li><li>Access to refreshment breaks (coffee breaks and snack breaks)<\/li><li>Elite Networking Opportunity (only for onsite present participants)<\/li><li>Participare la Recep\u021bia de Bun Venit;<\/li><li>Certificate of attendance with CME credits for MD sent by e-mail<\/li><li>Certificate of attendance without CME credits for non MD sent by e-mail<\/li><li>Various promotional materials from the event's partners (only for onsite present\nparticipants)<\/li><li>Online post-event access to the recorded keynote sessions of the 6th congress edition.<\/li><\/ul>\t\t\t\t\t\t\t\t<\/div>\n\t\t\t\t<\/div>\n\t\t\t\t\t<\/div>\n\t\t<\/div>\n\t\t\t\t<div class=\"elementor-column elementor-col-50 elementor-top-column elementor-element elementor-element-ab0fc9d\" data-id=\"ab0fc9d\" data-element_type=\"column\" data-e-type=\"column\" data-settings=\"{&quot;background_background&quot;:&quot;classic&quot;}\">\n\t\t\t<div class=\"elementor-widget-wrap elementor-element-populated\">\n\t\t\t\t\t\t<div class=\"elementor-element elementor-element-a5857ae elementor-widget elementor-widget-text-editor\" data-id=\"a5857ae\" data-element_type=\"widget\" data-e-type=\"widget\" data-widget_type=\"text-editor.default\">\n\t\t\t\t<div class=\"elementor-widget-container\">\n\t\t\t\t\t\t\t\t\t<strong>ATTENTION!<\/strong>:\t\t\t\t\t\t\t\t<\/div>\n\t\t\t\t<\/div>\n\t\t\t\t<div class=\"elementor-element elementor-element-1a2e4ed elementor-widget elementor-widget-text-editor\" data-id=\"1a2e4ed\" data-element_type=\"widget\" data-e-type=\"widget\" data-widget_type=\"text-editor.default\">\n\t\t\t\t<div class=\"elementor-widget-container\">\n\t\t\t\t\t\t\t\t\t<ul><li>Access for all the participants is permitted only based on the Participant Badge\nwhich can be picked up from the Registration Desk.\u00a0<\/li><li>In case a participant doesn\u2019t present the participant badge, the organizers have\nthe right to restrict his\/her access to the event.<\/li><li>Participants will choose their seats on \u201cfirst come, first serve\u201d basis. Therefore, we\nrecommend to plan for an early arrival at the premises.<\/li><\/ul>\t\t\t\t\t\t\t\t<\/div>\n\t\t\t\t<\/div>\n\t\t\t\t\t<\/div>\n\t\t<\/div>\n\t\t\t\t\t<\/div>\n\t\t<\/section>\n\t\t\t\t<section class=\"elementor-section elementor-top-section elementor-element elementor-element-5ab5ccd elementor-section-boxed elementor-section-height-default elementor-section-height-default\" data-id=\"5ab5ccd\" data-element_type=\"section\" data-e-type=\"section\">\n\t\t\t\t\t\t<div class=\"elementor-container elementor-column-gap-default\">\n\t\t\t\t\t<div class=\"elementor-column elementor-col-50 elementor-top-column elementor-element elementor-element-c0b4df0\" data-id=\"c0b4df0\" data-element_type=\"column\" data-e-type=\"column\">\n\t\t\t<div class=\"elementor-widget-wrap elementor-element-populated\">\n\t\t\t\t\t\t<div class=\"elementor-element elementor-element-fd3eae0 elementor-widget elementor-widget-text-editor\" data-id=\"fd3eae0\" data-element_type=\"widget\" data-e-type=\"widget\" data-widget_type=\"text-editor.default\">\n\t\t\t\t<div class=\"elementor-widget-container\">\n\t\t\t\t\t\t\t\t\t<strong>Payment Options:<\/strong>:\t\t\t\t\t\t\t\t<\/div>\n\t\t\t\t<\/div>\n\t\t\t\t<div class=\"elementor-element elementor-element-14ca988 elementor-widget__width-initial elementor-widget elementor-widget-text-editor\" data-id=\"14ca988\" data-element_type=\"widget\" data-e-type=\"widget\" data-widget_type=\"text-editor.default\">\n\t\t\t\t<div class=\"elementor-widget-container\">\n\t\t\t\t\t\t\t\t\t<p>Bank transfer<\/p><p>Plata \u00een RON se va face prin transfer bancar c\u0103tre:<br \/>CONSULTING PARTENER S.R.L. (DIMAS EVENTS)<br \/>C.I.F.: RO 17399900<br \/>Nr. Registrul Comer\u021bului: J 22\/ 832 \/ 2005<\/p><p>RON IBAN:<br \/>&#8211;\u00a0RO79 RNCB 0175 0335 9784 0002\u00a0&#8211; BANCA COMERCIAL\u0102 ROM\u00c2N\u0102<\/p><p>&#8211;\u00a0RO45 BTRL RONC RT0P C622 8701\u00a0&#8211; BANCA TRANSILVANIA<br \/>&#8211;\u00a0RO15 INGB 0000 9999 0526 2309\u00a0&#8211; ING BANK<\/p><p>Plata \u00een EURO se va face prin transfer bancar c\u0103tre:<br \/>CONSULTING PARTENER S.R.L. (DIMAS EVENTS)<br \/>C.I.F.: RO 17399900<br \/>Nr. Registrul Comer\u021bului: J 22\/ 832 \/ 2005<\/p><p>EUR IBAN: <br \/>RO89 BTRL EURC RT0P C622 8701 &#8211; BANCA TRANSILVANIA<br \/>SWIFT CODE: BTRLRO22<\/p><p>Please specify the name and surname of the participant you are paying for and the event (ex.\nName\/Surname\/Participation Fee for CNN Congress 2024).<\/p><p>Transactions are made in RON at the exchange rate of your bank, regardless of the currency you\nhave in your account. After finalizing the payment, please be kind to send a copy of the payment\norder to the Congress Secretariat, by e-mailing it at office@dimas.com.ro<\/p><p>The value of the Participation Fee is the one from the moment of payment, according to the\ndeadlines from the FEES chart.<\/p><p>For the participants who register and pay the Participation Fee after the October 1, 2024 we\ncan\u2019t guarantee the congress materials.<\/p>\t\t\t\t\t\t\t\t<\/div>\n\t\t\t\t<\/div>\n\t\t\t\t\t<\/div>\n\t\t<\/div>\n\t\t\t\t<div class=\"elementor-column elementor-col-50 elementor-top-column elementor-element elementor-element-6343d32\" data-id=\"6343d32\" data-element_type=\"column\" data-e-type=\"column\">\n\t\t\t<div class=\"elementor-widget-wrap elementor-element-populated\">\n\t\t\t\t\t\t<div class=\"elementor-element elementor-element-01f325f elementor-widget elementor-widget-text-editor\" data-id=\"01f325f\" data-element_type=\"widget\" data-e-type=\"widget\" data-widget_type=\"text-editor.default\">\n\t\t\t\t<div class=\"elementor-widget-container\">\n\t\t\t\t\t\t\t\t\t<strong>CANCELLATIONS AND REFUNDS<\/strong>:\t\t\t\t\t\t\t\t<\/div>\n\t\t\t\t<\/div>\n\t\t\t\t<div class=\"elementor-element elementor-element-cbe8748 elementor-widget elementor-widget-text-editor\" data-id=\"cbe8748\" data-element_type=\"widget\" data-e-type=\"widget\" data-widget_type=\"text-editor.default\">\n\t\t\t\t<div class=\"elementor-widget-container\">\n\t\t\t\t\t\t\t\t\t<p>Cancellation requests may be emailed to: office@dimas.com.ro with subject:\nCANCELLATION REGISTRATION AT CNN CONGRESS 2024.<\/p><p>Requests for cancellation received until September 25, 2024 \u2013 100% will be refunded.<\/p><p>Requests for cancellation received between September 26, 2024 and October 5, 2024 \u2013 50%\nwill be refunded.<\/p><p>No refunds will be made on after the October 6, 2024.<\/p>\t\t\t\t\t\t\t\t<\/div>\n\t\t\t\t<\/div>\n\t\t\t\t\t<\/div>\n\t\t<\/div>\n\t\t\t\t\t<\/div>\n\t\t<\/section>\n\t\t\t\t<\/div>","protected":false},"excerpt":{"rendered":"<p>Taxe \u00eenregistrare Dat\u0103 limit\u0103 \u00eenregistrare Early Bird: 15.08.2024.Bilet Early Bird\u00a0 (p\u00e2n\u0103 pe 15.08.2024)Medic (Primar, Specialist): 800 leiRezident: 400 lei Student: 300 leiReprezentant companie: 1000 leiAlte categorii: 500 leiRegular(p\u00e2n\u0103 pe 15.09.2024)Medic (Primar, Specialist): 1000 leiRezident: 500 leiStudent: 400 leiReprezentant companie: 1200 leiAlte categorii: 600 leiLate(dup\u0103 15.09.2024)Medic (Primar, Specialist): 1400 leiRezident: 700 leiStudent: 500 leiReprezentant companie: 1600 [&hellip;]<\/p>","protected":false},"author":1,"featured_media":0,"parent":0,"menu_order":0,"comment_status":"closed","ping_status":"closed","template":"","meta":{"footnotes":""},"class_list":["post-532","page","type-page","status-publish","hentry"],"_links":{"self":[{"href":"https:\/\/cnncongres2024.neuroexcelenta.ro\/en\/wp-json\/wp\/v2\/pages\/532","targetHints":{"allow":["GET"]}}],"collection":[{"href":"https:\/\/cnncongres2024.neuroexcelenta.ro\/en\/wp-json\/wp\/v2\/pages"}],"about":[{"href":"https:\/\/cnncongres2024.neuroexcelenta.ro\/en\/wp-json\/wp\/v2\/types\/page"}],"author":[{"embeddable":true,"href":"https:\/\/cnncongres2024.neuroexcelenta.ro\/en\/wp-json\/wp\/v2\/users\/1"}],"replies":[{"embeddable":true,"href":"https:\/\/cnncongres2024.neuroexcelenta.ro\/en\/wp-json\/wp\/v2\/comments?post=532"}],"version-history":[{"count":188,"href":"https:\/\/cnncongres2024.neuroexcelenta.ro\/en\/wp-json\/wp\/v2\/pages\/532\/revisions"}],"predecessor-version":[{"id":3373,"href":"https:\/\/cnncongres2024.neuroexcelenta.ro\/en\/wp-json\/wp\/v2\/pages\/532\/revisions\/3373"}],"wp:attachment":[{"href":"https:\/\/cnncongres2024.neuroexcelenta.ro\/en\/wp-json\/wp\/v2\/media?parent=532"}],"curies":[{"name":"wp","href":"https:\/\/api.w.org\/{rel}","templated":true}]}}