{"id":3148,"date":"2023-10-06T06:26:22","date_gmt":"2023-10-06T06:26:22","guid":{"rendered":"https:\/\/cnncongres2023.neuroexcelenta.ro\/?page_id=3148"},"modified":"2024-10-06T17:37:06","modified_gmt":"2024-10-06T17:37:06","slug":"live","status":"publish","type":"page","link":"https:\/\/cnncongres2024.neuroexcelenta.ro\/en\/live\/","title":{"rendered":"Live"},"content":{"rendered":"<div data-elementor-type=\"wp-page\" data-elementor-id=\"3148\" class=\"elementor elementor-3148\" data-elementor-post-type=\"page\">\n\t\t\t\t<div class=\"elementor-element elementor-element-65479ac e-flex e-con-boxed e-con e-parent\" data-id=\"65479ac\" data-element_type=\"container\" data-e-type=\"container\" data-settings=\"{&quot;background_background&quot;:&quot;classic&quot;}\">\n\t\t\t\t\t<div class=\"e-con-inner\">\n\t\t<div class=\"elementor-element elementor-element-0f3d4ed e-con-full e-flex e-con e-child\" data-id=\"0f3d4ed\" data-element_type=\"container\" data-e-type=\"container\">\n\t\t\t\t<div class=\"elementor-element elementor-element-502d541 elementor-widget elementor-widget-heading\" data-id=\"502d541\" data-element_type=\"widget\" data-e-type=\"widget\" data-widget_type=\"heading.default\">\n\t\t\t\t<div class=\"elementor-widget-container\">\n\t\t\t\t\t<h2 class=\"elementor-heading-title elementor-size-default\">LIVE<\/h2>\t\t\t\t<\/div>\n\t\t\t\t<\/div>\n\t\t<div class=\"elementor-element elementor-element-6a4f445 e-con-full e-flex e-con e-child\" data-id=\"6a4f445\" data-element_type=\"container\" data-e-type=\"container\">\n\t\t<div class=\"elementor-element elementor-element-1305909 e-con-full e-flex e-con e-child\" data-id=\"1305909\" data-element_type=\"container\" data-e-type=\"container\">\n\t\t\t\t<div class=\"elementor-element elementor-element-b2eeb5d elementor-view-default elementor-widget elementor-widget-icon\" data-id=\"b2eeb5d\" data-element_type=\"widget\" data-e-type=\"widget\" data-widget_type=\"icon.default\">\n\t\t\t\t<div class=\"elementor-widget-container\">\n\t\t\t\t\t\t\t<div class=\"elementor-icon-wrapper\">\n\t\t\t<div class=\"elementor-icon\">\n\t\t\t<svg aria-hidden=\"true\" class=\"e-font-icon-svg e-far-arrow-alt-circle-down\" viewbox=\"0 0 512 512\" xmlns=\"http:\/\/www.w3.org\/2000\/svg\"><path d=\"M256 8C119 8 8 119 8 256s111 248 248 248 248-111 248-248S393 8 256 8zm0 448c-110.5 0-200-89.5-200-200S145.5 56 256 56s200 89.5 200 200-89.5 200-200 200zm-32-316v116h-67c-10.7 0-16 12.9-8.5 20.5l99 99c4.7 4.7 12.3 4.7 17 0l99-99c7.6-7.6 2.2-20.5-8.5-20.5h-67V140c0-6.6-5.4-12-12-12h-40c-6.6 0-12 5.4-12 12z\"><\/path><\/svg>\t\t\t<\/div>\n\t\t<\/div>\n\t\t\t\t\t\t<\/div>\n\t\t\t\t<\/div>\n\t\t\t\t<\/div>\n\t\t\t\t<\/div>\n\t\t\t\t<\/div>\n\t\t\t\t\t<\/div>\n\t\t\t\t<\/div>\n\t\t<div class=\"elementor-element elementor-element-135c024 e-flex e-con-boxed e-con e-parent\" data-id=\"135c024\" data-element_type=\"container\" data-e-type=\"container\">\n\t\t\t\t\t<div class=\"e-con-inner\">\n\t\t\t\t<div class=\"elementor-element elementor-element-aa68f5e elementor-widget elementor-widget-text-editor\" data-id=\"aa68f5e\" data-element_type=\"widget\" data-e-type=\"widget\" data-widget_type=\"text-editor.default\">\n\t\t\t\t<div class=\"elementor-widget-container\">\n\t\t\t\t\t\t\t\t\tMIERCURI, 9 OCTOMBRIE 2024\t\t\t\t\t\t\t\t<\/div>\n\t\t\t\t<\/div>\n\t\t\t\t<div class=\"elementor-element elementor-element-32f2035 elementor-widget elementor-widget-html\" data-id=\"32f2035\" data-element_type=\"widget\" data-e-type=\"widget\" data-widget_type=\"html.default\">\n\t\t\t\t<div class=\"elementor-widget-container\">\n\t\t\t\t\t<iframe width=\"560\" height=\"700\" src=\"https:\/\/www.youtube.com\/embed\/mQdTCornaYI?si=B2Lr6zhyXbOT-Rj-\" title=\"YouTube video player\" frameborder=\"0\" allow=\"accelerometer; autoplay; clipboard-write; encrypted-media; gyroscope; picture-in-picture; web-share\" referrerpolicy=\"strict-origin-when-cross-origin\" allowfullscreen><\/iframe>\t\t\t\t<\/div>\n\t\t\t\t<\/div>\n\t\t\t\t\t<\/div>\n\t\t\t\t<\/div>\n\t\t<div class=\"elementor-element elementor-element-2e6e60f e-flex e-con-boxed e-con e-parent\" data-id=\"2e6e60f\" data-element_type=\"container\" data-e-type=\"container\">\n\t\t\t\t\t<div class=\"e-con-inner\">\n\t\t\t\t<div class=\"elementor-element elementor-element-e0e5734 elementor-widget elementor-widget-text-editor\" data-id=\"e0e5734\" data-element_type=\"widget\" data-e-type=\"widget\" data-widget_type=\"text-editor.default\">\n\t\t\t\t<div class=\"elementor-widget-container\">\n\t\t\t\t\t\t\t\t\tJOI, 10 OCTOMBRIE 2024\t\t\t\t\t\t\t\t<\/div>\n\t\t\t\t<\/div>\n\t\t\t\t<div class=\"elementor-element elementor-element-33d7ba4 elementor-widget elementor-widget-html\" data-id=\"33d7ba4\" data-element_type=\"widget\" data-e-type=\"widget\" data-widget_type=\"html.default\">\n\t\t\t\t<div class=\"elementor-widget-container\">\n\t\t\t\t\t<iframe width=\"560\" height=\"800\" src=\"https:\/\/www.youtube.com\/embed\/WWf3eKei2es?si=w4OeJpENdlm-KDkd\" title=\"YouTube video player\" frameborder=\"0\" allow=\"accelerometer; autoplay; clipboard-write; encrypted-media; gyroscope; picture-in-picture; web-share\" referrerpolicy=\"strict-origin-when-cross-origin\" allowfullscreen><\/iframe>\t\t\t\t<\/div>\n\t\t\t\t<\/div>\n\t\t\t\t\t<\/div>\n\t\t\t\t<\/div>\n\t\t<div class=\"elementor-element elementor-element-f4f4e9f e-flex e-con-boxed e-con e-parent\" data-id=\"f4f4e9f\" data-element_type=\"container\" data-e-type=\"container\">\n\t\t\t\t\t<div class=\"e-con-inner\">\n\t\t\t\t<div class=\"elementor-element elementor-element-61a32bf elementor-widget elementor-widget-text-editor\" data-id=\"61a32bf\" data-element_type=\"widget\" data-e-type=\"widget\" data-widget_type=\"text-editor.default\">\n\t\t\t\t<div class=\"elementor-widget-container\">\n\t\t\t\t\t\t\t\t\tVINERI, 11 OCTOMBRIE 2024\t\t\t\t\t\t\t\t<\/div>\n\t\t\t\t<\/div>\n\t\t\t\t<div class=\"elementor-element elementor-element-04e21e3 elementor-widget elementor-widget-html\" data-id=\"04e21e3\" data-element_type=\"widget\" data-e-type=\"widget\" data-widget_type=\"html.default\">\n\t\t\t\t<div class=\"elementor-widget-container\">\n\t\t\t\t\t<iframe width=\"560\" height=\"800\" src=\"https:\/\/www.youtube.com\/embed\/gMR6x2z2zpQ?si=Uv2Z7of7nSHQ_jlq\" title=\"YouTube video player\" frameborder=\"0\" allow=\"accelerometer; autoplay; clipboard-write; encrypted-media; gyroscope; picture-in-picture; web-share\" referrerpolicy=\"strict-origin-when-cross-origin\" allowfullscreen><\/iframe>\t\t\t\t<\/div>\n\t\t\t\t<\/div>\n\t\t\t\t\t<\/div>\n\t\t\t\t<\/div>\n\t\t<div class=\"elementor-element elementor-element-0d102b8 e-flex e-con-boxed e-con e-parent\" data-id=\"0d102b8\" data-element_type=\"container\" data-e-type=\"container\">\n\t\t\t\t\t<div class=\"e-con-inner\">\n\t\t\t\t<div class=\"elementor-element elementor-element-33580a7 elementor-widget elementor-widget-text-editor\" data-id=\"33580a7\" data-element_type=\"widget\" data-e-type=\"widget\" data-widget_type=\"text-editor.default\">\n\t\t\t\t<div class=\"elementor-widget-container\">\n\t\t\t\t\t\t\t\t\tS\u00c2MB\u0102T\u0102, 12 OCTOMBRIE 2024\t\t\t\t\t\t\t\t<\/div>\n\t\t\t\t<\/div>\n\t\t\t\t<div class=\"elementor-element elementor-element-e3554bb elementor-widget elementor-widget-html\" data-id=\"e3554bb\" data-element_type=\"widget\" data-e-type=\"widget\" data-widget_type=\"html.default\">\n\t\t\t\t<div class=\"elementor-widget-container\">\n\t\t\t\t\t<iframe width=\"560\" height=\"800\" src=\"https:\/\/www.youtube.com\/embed\/71AP5SrdEfA?si=JzH72194IF9026ui\" title=\"YouTube video player\" frameborder=\"0\" allow=\"accelerometer; autoplay; clipboard-write; encrypted-media; gyroscope; picture-in-picture; web-share\" referrerpolicy=\"strict-origin-when-cross-origin\" allowfullscreen><\/iframe>\t\t\t\t<\/div>\n\t\t\t\t<\/div>\n\t\t\t\t\t<\/div>\n\t\t\t\t<\/div>\n\t\t\t\t<\/div>","protected":false},"excerpt":{"rendered":"<p>LIVE MIERCURI, 9 OCTOMBRIE 2024 JOI, 10 OCTOMBRIE 2024 VINERI, 11 OCTOMBRIE 2024 S\u00c2MB\u0102T\u0102, 12 OCTOMBRIE 2024<\/p>","protected":false},"author":1,"featured_media":0,"parent":0,"menu_order":0,"comment_status":"closed","ping_status":"closed","template":"","meta":{"footnotes":""},"class_list":["post-3148","page","type-page","status-publish","hentry"],"_links":{"self":[{"href":"https:\/\/cnncongres2024.neuroexcelenta.ro\/en\/wp-json\/wp\/v2\/pages\/3148","targetHints":{"allow":["GET"]}}],"collection":[{"href":"https:\/\/cnncongres2024.neuroexcelenta.ro\/en\/wp-json\/wp\/v2\/pages"}],"about":[{"href":"https:\/\/cnncongres2024.neuroexcelenta.ro\/en\/wp-json\/wp\/v2\/types\/page"}],"author":[{"embeddable":true,"href":"https:\/\/cnncongres2024.neuroexcelenta.ro\/en\/wp-json\/wp\/v2\/users\/1"}],"replies":[{"embeddable":true,"href":"https:\/\/cnncongres2024.neuroexcelenta.ro\/en\/wp-json\/wp\/v2\/comments?post=3148"}],"version-history":[{"count":64,"href":"https:\/\/cnncongres2024.neuroexcelenta.ro\/en\/wp-json\/wp\/v2\/pages\/3148\/revisions"}],"predecessor-version":[{"id":3994,"href":"https:\/\/cnncongres2024.neuroexcelenta.ro\/en\/wp-json\/wp\/v2\/pages\/3148\/revisions\/3994"}],"wp:attachment":[{"href":"https:\/\/cnncongres2024.neuroexcelenta.ro\/en\/wp-json\/wp\/v2\/media?parent=3148"}],"curies":[{"name":"wp","href":"https:\/\/api.w.org\/{rel}","templated":true}]}}